{"id":5,"date":"2023-04-29T11:37:07","date_gmt":"2023-04-29T14:37:07","guid":{"rendered":"https:\/\/grazibatata.com.br\/?page_id=5"},"modified":"2023-04-29T11:37:07","modified_gmt":"2023-04-29T14:37:07","slug":"pagina-inicial","status":"publish","type":"page","link":"https:\/\/grazibatata.com.br\/","title":{"rendered":"P\u00e1gina inicial"},"content":{"rendered":"\n<p>Bem-vindo(a) ao seu site! Est\u00e1 \u00e9 sua p\u00e1gina inicial, que \u00e9 a p\u00e1gina que a maioria dos visitantes vai ver quando acessarem o seu site pela primeira vez.<\/p>\n","protected":false},"excerpt":{"rendered":"<p>Bem-vindo(a) ao seu site! Est\u00e1 \u00e9 sua p\u00e1gina inicial, que \u00e9 a p\u00e1gina que a maioria dos visitantes vai ver quando acessarem o seu site pela primeira vez.<\/p>\n","protected":false},"author":1,"featured_media":0,"parent":0,"menu_order":0,"comment_status":"closed","ping_status":"closed","template":"","meta":{"footnotes":""},"class_list":["post-5","page","type-page","status-publish","hentry"],"_links":{"self":[{"href":"https:\/\/grazibatata.com.br\/index.php?rest_route=\/wp\/v2\/pages\/5","targetHints":{"allow":["GET"]}}],"collection":[{"href":"https:\/\/grazibatata.com.br\/index.php?rest_route=\/wp\/v2\/pages"}],"about":[{"href":"https:\/\/grazibatata.com.br\/index.php?rest_route=\/wp\/v2\/types\/page"}],"author":[{"embeddable":true,"href":"https:\/\/grazibatata.com.br\/index.php?rest_route=\/wp\/v2\/users\/1"}],"replies":[{"embeddable":true,"href":"https:\/\/grazibatata.com.br\/index.php?rest_route=%2Fwp%2Fv2%2Fcomments&post=5"}],"version-history":[{"count":1,"href":"https:\/\/grazibatata.com.br\/index.php?rest_route=\/wp\/v2\/pages\/5\/revisions"}],"predecessor-version":[{"id":15,"href":"https:\/\/grazibatata.com.br\/index.php?rest_route=\/wp\/v2\/pages\/5\/revisions\/15"}],"wp:attachment":[{"href":"https:\/\/grazibatata.com.br\/index.php?rest_route=%2Fwp%2Fv2%2Fmedia&parent=5"}],"curies":[{"name":"wp","href":"https:\/\/api.w.org\/{rel}","templated":true}]}}